{"id":1764,"date":"2022-07-04T15:55:52","date_gmt":"2022-07-04T13:55:52","guid":{"rendered":"https:\/\/la-salle.fr\/?page_id=1764"},"modified":"2022-07-05T17:49:39","modified_gmt":"2022-07-05T15:49:39","slug":"electrostimulation","status":"publish","type":"page","link":"https:\/\/la-salle.fr\/index.php\/electrostimulation\/","title":{"rendered":"\u00c9LECTROSTIMULATION"},"content":{"rendered":"\n<div class=\"wp-block-group is-layout-flow wp-block-group-is-layout-flow\">\n<figure class=\"wp-block-image size-full\"><img data-recalc-dims=\"1\" loading=\"lazy\" decoding=\"async\" width=\"932\" height=\"536\" data-attachment-id=\"1795\" data-permalink=\"https:\/\/la-salle.fr\/cropped-img-20220704-wa0026-jpg\/\" data-orig-file=\"https:\/\/i0.wp.com\/la-salle.fr\/wp-content\/uploads\/2022\/07\/cropped-IMG-20220704-WA0026.jpg?fit=932%2C536&amp;ssl=1\" data-orig-size=\"932,536\" data-comments-opened=\"1\" data-image-meta=\"{&quot;aperture&quot;:&quot;0&quot;,&quot;credit&quot;:&quot;&quot;,&quot;camera&quot;:&quot;&quot;,&quot;caption&quot;:&quot;&quot;,&quot;created_timestamp&quot;:&quot;0&quot;,&quot;copyright&quot;:&quot;&quot;,&quot;focal_length&quot;:&quot;0&quot;,&quot;iso&quot;:&quot;0&quot;,&quot;shutter_speed&quot;:&quot;0&quot;,&quot;title&quot;:&quot;&quot;,&quot;orientation&quot;:&quot;0&quot;}\" data-image-title=\"cropped-IMG-20220704-WA0026.jpg\" data-image-description=\"\" data-image-caption=\"\" data-large-file=\"https:\/\/i0.wp.com\/la-salle.fr\/wp-content\/uploads\/2022\/07\/cropped-IMG-20220704-WA0026.jpg?fit=932%2C536&amp;ssl=1\" src=\"https:\/\/i0.wp.com\/la-salle.fr\/wp-content\/uploads\/2022\/07\/cropped-IMG-20220704-WA0026.jpg?resize=932%2C536&#038;ssl=1\" alt=\"\" class=\"wp-image-1795\" srcset=\"https:\/\/i0.wp.com\/la-salle.fr\/wp-content\/uploads\/2022\/07\/cropped-IMG-20220704-WA0026.jpg?w=932&amp;ssl=1 932w, https:\/\/i0.wp.com\/la-salle.fr\/wp-content\/uploads\/2022\/07\/cropped-IMG-20220704-WA0026.jpg?resize=300%2C173&amp;ssl=1 300w, https:\/\/i0.wp.com\/la-salle.fr\/wp-content\/uploads\/2022\/07\/cropped-IMG-20220704-WA0026.jpg?resize=768%2C442&amp;ssl=1 768w\" sizes=\"auto, (max-width: 932px) 100vw, 932px\" \/><\/figure>\n<\/div>\n\n\n\n<p class=\"has-text-align-center\">C\u2019est la solution id\u00e9ale pour les personnes d\u00e9sirant <strong>augmenter leur masse musculaire et affiner leur silhouette<\/strong> mais qui manque de temps. <strong>A raison d\u2019une s\u00e9ance de 20 minutes par semaine<\/strong>, vous obtenez de supers r\u00e9sultats au bout d\u2019une dizaine de s\u00e9ances.<\/p>\n\n\n\n<p class=\"has-text-align-center\">L\u2019\u00e9lectrostimulation consiste <strong>\u00e0 provoquer une contraction musculaire \u00e0 partir d\u2019impulsions \u00e9lectriques.<\/strong> Ces impulsions sont g\u00e9n\u00e9r\u00e9es par un appareil et transmises par l\u2019interm\u00e9diaire d\u2019\u00e9lectrodes appliqu\u00e9es directement sur la peau, au niveau du muscle cibl\u00e9.<\/p>\n\n\n\n<p class=\"has-text-align-center\">Le but de l\u2019\u00e9lectrostimulation <strong>est de reproduire \u00e0 l\u2019identique<\/strong> ou quasiment identique,<strong> le processus d\u2019une contraction musculaire volontaire<\/strong>. Ainsi, nos muscles se contractent sous l\u2019impulsion \u00e9lectrique g\u00e9n\u00e9r\u00e9e par l\u2019appareil d\u2019\u00e9lectrostimulation.<\/p>\n\n\n\n<p class=\"has-text-align-center has-navbar-text-color-hover-color has-text-color\"><strong>L\u2019\u00e9lectrostimulation travaille vos muscles&nbsp;en d\u00e9licatesse et ne sollicite aucune articulation.<\/strong><\/p>\n\n\n\n<div style=\"height:50px\" aria-hidden=\"true\" class=\"wp-block-spacer\"><\/div>\n\n\n\n<h2 class=\"has-text-align-center wp-block-heading\">Nos prix<\/h2>\n\n\n\n<div style=\"height:50px\" aria-hidden=\"true\" class=\"wp-block-spacer\"><\/div>\n\n\n\n<div class=\"wp-block-columns alignfull is-layout-flex wp-container-core-columns-is-layout-d0b3c9c8 wp-block-columns-is-layout-flex\">\n<div class=\"wp-block-column is-vertically-aligned-center bord1 is-layout-flow wp-block-column-is-layout-flow\">\n<h6 class=\"has-text-align-center has-normal-font-size wp-block-heading\"><\/h6>\n\n\n\n<h5 class=\"has-text-align-center has-accent-color has-text-color has-medium-font-size wp-block-heading\"><span class=\"has-inline-color has-accent-color\"><strong>100\u20ac<\/strong>\/mois <\/span><br><\/h5>\n\n\n\n<p class=\"has-text-align-center\" style=\"font-size:14px\"><em><strong>engagement de 12 mois<\/strong> <br>1 s\u00e9ance par semaine<\/em><\/p>\n<\/div>\n\n\n\n<div class=\"wp-block-column is-vertically-aligned-center bord1 is-layout-flow wp-block-column-is-layout-flow\">\n<h6 class=\"has-text-align-center wp-block-heading\"><\/h6>\n\n\n\n<h5 class=\"has-text-align-center has-accent-color has-text-color has-medium-font-size wp-block-heading\"><strong><meta charset=\"utf-8\"><\/strong><span class=\"has-inline-color has-accent-color\"><strong><strong>120\u20ac<\/strong>\/mois <\/strong><br><\/span><\/h5>\n\n\n\n<p class=\"has-text-align-center\" style=\"font-size:14px\"><meta charset=\"utf-8\"><em><meta charset=\"utf-8\"><strong>engagement de 6 mois<\/strong><\/em>  <br><em><em>1 s\u00e9ance par semaine<\/em><\/em>  <\/p>\n<\/div>\n\n\n\n<div class=\"wp-block-column bord2 is-layout-flow wp-block-column-is-layout-flow\">\n<h6 class=\"has-text-align-center bord wp-block-heading\"><\/h6>\n\n\n\n<h5 class=\"has-text-align-center has-accent-color has-text-color has-medium-font-size wp-block-heading\"><strong><meta charset=\"utf-8\"><\/strong><span class=\"has-inline-color has-accent-color\"><strong><strong>140\u20ac<\/strong>\/mois <\/strong><br><\/span><\/h5>\n\n\n\n<p class=\"has-text-align-center\" style=\"font-size:14px\"><meta charset=\"utf-8\"><em><meta charset=\"utf-8\"><strong>engagement de 3 mois<\/strong><\/em> <br><em><em>1 s\u00e9ance par semaine<\/em><\/em>  <\/p>\n\n\n\n<p><\/p>\n<\/div>\n\n\n\n<div class=\"wp-block-column is-layout-flow wp-block-column-is-layout-flow\">\n<h6 class=\"has-text-align-center wp-block-heading\"><\/h6>\n\n\n\n<h5 class=\"has-text-align-center has-accent-color has-text-color has-medium-font-size wp-block-heading\"><strong><meta charset=\"utf-8\"><strong>160\u20ac<\/strong>\/mois <\/strong><br><\/h5>\n\n\n\n<p class=\"has-text-align-center\" style=\"font-size:14px\"><meta charset=\"utf-8\"><em><meta charset=\"utf-8\"><strong>pour 1 mois<\/strong><\/em> <br><em><em>1 s\u00e9ance par semaine<\/em><\/em>   <\/p>\n\n\n\n<div class=\"wp-block-buttons is-layout-flex wp-block-buttons-is-layout-flex\"><\/div>\n<\/div>\n<\/div>\n\n\n\n<div style=\"height:50px\" aria-hidden=\"true\" class=\"wp-block-spacer\"><\/div>\n\n\n\n<hr class=\"wp-block-separator\"\/>\n\n\n\n<p class=\"has-text-align-center has-navbar-text-color-hover-color has-text-color\"><strong>acc\u00e8s \u00e0 la salle pour la muscu, le cardio et les cours compris dans l\u2019abonnement<\/strong><\/p>\n\n\n\n<p class=\"has-text-align-center\">350 euros le carnet de 10 s\u00e9ances<\/p>\n\n\n\n<p class=\"has-text-align-center\">50 euros la s\u00e9ance<\/p>\n\n\n\n<hr class=\"wp-block-separator\"\/>\n\n\n\n<p class=\"has-text-align-center\"><strong>Documents \u00e0 fournir lors de l\u2019inscription sur place\u00a0:<\/strong><br><br><strong>&#8211; Un RIB,<\/strong><\/p>\n\n\n\n<p class=\"has-text-align-center\"><strong>&#8211; Un ch\u00e8que de caution de 90\u20ac non d\u00e9pos\u00e9,<\/strong><\/p>\n\n\n\n<p class=\"has-text-align-center\"><strong>&#8211; Pr\u00e9voir un paiement sur place de la carte membre (20\u20ac).<\/strong><\/p>\n\n\n\n<hr class=\"wp-block-separator\"\/>\n\n\n\n<div class=\"wp-block-buttons is-content-justification-center is-layout-flex wp-block-buttons-is-layout-flex\">\n<div class=\"wp-block-button is-style-fill\"><a class=\"wp-block-button__link\"><span class=\"has-inline-color has-accent-color\">INSCRIPTION DIRECTEMENT DANS TA SALLE<\/span><\/a><\/div>\n<\/div>\n\n\n\n<div style=\"height:100px\" aria-hidden=\"true\" class=\"wp-block-spacer\"><\/div>\n\n\n\n<h5 class=\"has-text-align-center wp-block-heading\">Voir nos <a rel=\"noreferrer noopener\" href=\"https:\/\/la-salle.fr\/wp-content\/uploads\/2021\/09\/contrat.pdf\" target=\"_blank\">conditions g\u00e9n\u00e9rales de ventes<\/a><\/h5>\n\n\n\n<div class=\"wp-block-themeisle-blocks-advanced-columns has-3-columns has-desktop-equal-layout has-tablet-equal-layout has-mobile-collapsedRows-layout has-default-gap has-vertical-unset\" id=\"wp-block-themeisle-blocks-advanced-columns-e0c04a17\"><div class=\"wp-block-themeisle-blocks-advanced-columns-overlay\"><\/div><div class=\"innerblocks-wrap\">\n<div class=\"wp-block-themeisle-blocks-advanced-column\" id=\"wp-block-themeisle-blocks-advanced-column-76e6cc90\"><\/div>\n\n\n\n<div class=\"wp-block-themeisle-blocks-advanced-column\" id=\"wp-block-themeisle-blocks-advanced-column-c7cd2024\">\n<h2 class=\"wp-block-heading\"><\/h2>\n<\/div>\n\n\n\n<div class=\"wp-block-themeisle-blocks-advanced-column\" id=\"wp-block-themeisle-blocks-advanced-column-9d9dfb96\"><\/div>\n<\/div><\/div>\n\n\n\n<p><\/p>\n","protected":false},"excerpt":{"rendered":"<p>C\u2019est la solution id\u00e9ale pour les personnes d\u00e9sirant augmenter leur masse musculaire et affiner leur silhouette mais qui manque de [&hellip;]<\/p>\n","protected":false},"author":3,"featured_media":0,"parent":0,"menu_order":0,"comment_status":"closed","ping_status":"closed","template":"","meta":{"_uag_custom_page_level_css":"","site-sidebar-layout":"default","site-content-layout":"","ast-site-content-layout":"","site-content-style":"default","site-sidebar-style":"default","ast-global-header-display":"","ast-banner-title-visibility":"","ast-main-header-display":"","ast-hfb-above-header-display":"","ast-hfb-below-header-display":"","ast-hfb-mobile-header-display":"","site-post-title":"","ast-breadcrumbs-content":"","ast-featured-img":"","footer-sml-layout":"","theme-transparent-header-meta":"","adv-header-id-meta":"","stick-header-meta":"","header-above-stick-meta":"","header-main-stick-meta":"","header-below-stick-meta":"","astra-migrate-meta-layouts":"default","ast-page-background-enabled":"default","ast-page-background-meta":{"desktop":{"background-color":"var(--ast-global-color-4)","background-image":"","background-repeat":"repeat","background-position":"center center","background-size":"auto","background-attachment":"scroll","background-type":"","background-media":"","overlay-type":"","overlay-color":"","overlay-opacity":"","overlay-gradient":""},"tablet":{"background-color":"","background-image":"","background-repeat":"repeat","background-position":"center center","background-size":"auto","background-attachment":"scroll","background-type":"","background-media":"","overlay-type":"","overlay-color":"","overlay-opacity":"","overlay-gradient":""},"mobile":{"background-color":"","background-image":"","background-repeat":"repeat","background-position":"center center","background-size":"auto","background-attachment":"scroll","background-type":"","background-media":"","overlay-type":"","overlay-color":"","overlay-opacity":"","overlay-gradient":""}},"ast-content-background-meta":{"desktop":{"background-color":"var(--ast-global-color-5)","background-image":"","background-repeat":"repeat","background-position":"center center","background-size":"auto","background-attachment":"scroll","background-type":"","background-media":"","overlay-type":"","overlay-color":"","overlay-opacity":"","overlay-gradient":""},"tablet":{"background-color":"var(--ast-global-color-5)","background-image":"","background-repeat":"repeat","background-position":"center center","background-size":"auto","background-attachment":"scroll","background-type":"","background-media":"","overlay-type":"","overlay-color":"","overlay-opacity":"","overlay-gradient":""},"mobile":{"background-color":"var(--ast-global-color-5)","background-image":"","background-repeat":"repeat","background-position":"center center","background-size":"auto","background-attachment":"scroll","background-type":"","background-media":"","overlay-type":"","overlay-color":"","overlay-opacity":"","overlay-gradient":""}},"_themeisle_gutenberg_block_has_review":false,"_kadence_starter_templates_imported_post":false,"footnotes":""},"class_list":["post-1764","page","type-page","status-publish","hentry"],"yoast_head":"<!-- This site is optimized with the Yoast SEO plugin v27.5 - https:\/\/yoast.com\/product\/yoast-seo-wordpress\/ -->\n<title>\u00c9LECTROSTIMULATION -<\/title>\n<meta name=\"robots\" content=\"index, follow, max-snippet:-1, max-image-preview:large, max-video-preview:-1\" \/>\n<link rel=\"canonical\" href=\"https:\/\/la-salle.fr\/index.php\/electrostimulation\/\" \/>\n<meta property=\"og:locale\" content=\"fr_FR\" \/>\n<meta property=\"og:type\" content=\"article\" \/>\n<meta property=\"og:title\" content=\"\u00c9LECTROSTIMULATION -\" \/>\n<meta property=\"og:description\" content=\"C\u2019est la solution id\u00e9ale pour les personnes d\u00e9sirant augmenter leur masse musculaire et affiner leur silhouette mais qui manque de [&hellip;]\" \/>\n<meta property=\"og:url\" content=\"https:\/\/la-salle.fr\/index.php\/electrostimulation\/\" \/>\n<meta property=\"article:modified_time\" content=\"2022-07-05T15:49:39+00:00\" \/>\n<meta property=\"og:image\" content=\"https:\/\/la-salle.fr\/wp-content\/uploads\/2022\/07\/cropped-IMG-20220704-WA0026.jpg\" \/>\n<meta name=\"twitter:card\" content=\"summary_large_image\" \/>\n<meta name=\"twitter:label1\" content=\"Dur\u00e9e de lecture estim\u00e9e\" \/>\n\t<meta name=\"twitter:data1\" content=\"1 minute\" \/>\n<script type=\"application\/ld+json\" class=\"yoast-schema-graph\">{\"@context\":\"https:\\\/\\\/schema.org\",\"@graph\":[{\"@type\":\"WebPage\",\"@id\":\"https:\\\/\\\/la-salle.fr\\\/index.php\\\/electrostimulation\\\/\",\"url\":\"https:\\\/\\\/la-salle.fr\\\/index.php\\\/electrostimulation\\\/\",\"name\":\"\u00c9LECTROSTIMULATION -\",\"isPartOf\":{\"@id\":\"https:\\\/\\\/la-salle.fr\\\/#website\"},\"primaryImageOfPage\":{\"@id\":\"https:\\\/\\\/la-salle.fr\\\/index.php\\\/electrostimulation\\\/#primaryimage\"},\"image\":{\"@id\":\"https:\\\/\\\/la-salle.fr\\\/index.php\\\/electrostimulation\\\/#primaryimage\"},\"thumbnailUrl\":\"https:\\\/\\\/la-salle.fr\\\/wp-content\\\/uploads\\\/2022\\\/07\\\/cropped-IMG-20220704-WA0026.jpg\",\"datePublished\":\"2022-07-04T13:55:52+00:00\",\"dateModified\":\"2022-07-05T15:49:39+00:00\",\"breadcrumb\":{\"@id\":\"https:\\\/\\\/la-salle.fr\\\/index.php\\\/electrostimulation\\\/#breadcrumb\"},\"inLanguage\":\"fr-FR\",\"potentialAction\":[{\"@type\":\"ReadAction\",\"target\":[\"https:\\\/\\\/la-salle.fr\\\/index.php\\\/electrostimulation\\\/\"]}]},{\"@type\":\"ImageObject\",\"inLanguage\":\"fr-FR\",\"@id\":\"https:\\\/\\\/la-salle.fr\\\/index.php\\\/electrostimulation\\\/#primaryimage\",\"url\":\"https:\\\/\\\/i0.wp.com\\\/la-salle.fr\\\/wp-content\\\/uploads\\\/2022\\\/07\\\/cropped-IMG-20220704-WA0026.jpg?fit=932%2C536&ssl=1\",\"contentUrl\":\"https:\\\/\\\/i0.wp.com\\\/la-salle.fr\\\/wp-content\\\/uploads\\\/2022\\\/07\\\/cropped-IMG-20220704-WA0026.jpg?fit=932%2C536&ssl=1\",\"width\":932,\"height\":536},{\"@type\":\"BreadcrumbList\",\"@id\":\"https:\\\/\\\/la-salle.fr\\\/index.php\\\/electrostimulation\\\/#breadcrumb\",\"itemListElement\":[{\"@type\":\"ListItem\",\"position\":1,\"name\":\"Accueil\",\"item\":\"https:\\\/\\\/la-salle.fr\\\/\"},{\"@type\":\"ListItem\",\"position\":2,\"name\":\"\u00c9LECTROSTIMULATION\"}]},{\"@type\":\"WebSite\",\"@id\":\"https:\\\/\\\/la-salle.fr\\\/#website\",\"url\":\"https:\\\/\\\/la-salle.fr\\\/\",\"name\":\"\",\"description\":\"\",\"potentialAction\":[{\"@type\":\"SearchAction\",\"target\":{\"@type\":\"EntryPoint\",\"urlTemplate\":\"https:\\\/\\\/la-salle.fr\\\/?s={search_term_string}\"},\"query-input\":{\"@type\":\"PropertyValueSpecification\",\"valueRequired\":true,\"valueName\":\"search_term_string\"}}],\"inLanguage\":\"fr-FR\"}]}<\/script>\n<!-- \/ Yoast SEO plugin. -->","yoast_head_json":{"title":"\u00c9LECTROSTIMULATION -","robots":{"index":"index","follow":"follow","max-snippet":"max-snippet:-1","max-image-preview":"max-image-preview:large","max-video-preview":"max-video-preview:-1"},"canonical":"https:\/\/la-salle.fr\/index.php\/electrostimulation\/","og_locale":"fr_FR","og_type":"article","og_title":"\u00c9LECTROSTIMULATION -","og_description":"C\u2019est la solution id\u00e9ale pour les personnes d\u00e9sirant augmenter leur masse musculaire et affiner leur silhouette mais qui manque de [&hellip;]","og_url":"https:\/\/la-salle.fr\/index.php\/electrostimulation\/","article_modified_time":"2022-07-05T15:49:39+00:00","og_image":[{"url":"https:\/\/la-salle.fr\/wp-content\/uploads\/2022\/07\/cropped-IMG-20220704-WA0026.jpg","type":"","width":"","height":""}],"twitter_card":"summary_large_image","twitter_misc":{"Dur\u00e9e de lecture estim\u00e9e":"1 minute"},"schema":{"@context":"https:\/\/schema.org","@graph":[{"@type":"WebPage","@id":"https:\/\/la-salle.fr\/index.php\/electrostimulation\/","url":"https:\/\/la-salle.fr\/index.php\/electrostimulation\/","name":"\u00c9LECTROSTIMULATION -","isPartOf":{"@id":"https:\/\/la-salle.fr\/#website"},"primaryImageOfPage":{"@id":"https:\/\/la-salle.fr\/index.php\/electrostimulation\/#primaryimage"},"image":{"@id":"https:\/\/la-salle.fr\/index.php\/electrostimulation\/#primaryimage"},"thumbnailUrl":"https:\/\/la-salle.fr\/wp-content\/uploads\/2022\/07\/cropped-IMG-20220704-WA0026.jpg","datePublished":"2022-07-04T13:55:52+00:00","dateModified":"2022-07-05T15:49:39+00:00","breadcrumb":{"@id":"https:\/\/la-salle.fr\/index.php\/electrostimulation\/#breadcrumb"},"inLanguage":"fr-FR","potentialAction":[{"@type":"ReadAction","target":["https:\/\/la-salle.fr\/index.php\/electrostimulation\/"]}]},{"@type":"ImageObject","inLanguage":"fr-FR","@id":"https:\/\/la-salle.fr\/index.php\/electrostimulation\/#primaryimage","url":"https:\/\/i0.wp.com\/la-salle.fr\/wp-content\/uploads\/2022\/07\/cropped-IMG-20220704-WA0026.jpg?fit=932%2C536&ssl=1","contentUrl":"https:\/\/i0.wp.com\/la-salle.fr\/wp-content\/uploads\/2022\/07\/cropped-IMG-20220704-WA0026.jpg?fit=932%2C536&ssl=1","width":932,"height":536},{"@type":"BreadcrumbList","@id":"https:\/\/la-salle.fr\/index.php\/electrostimulation\/#breadcrumb","itemListElement":[{"@type":"ListItem","position":1,"name":"Accueil","item":"https:\/\/la-salle.fr\/"},{"@type":"ListItem","position":2,"name":"\u00c9LECTROSTIMULATION"}]},{"@type":"WebSite","@id":"https:\/\/la-salle.fr\/#website","url":"https:\/\/la-salle.fr\/","name":"","description":"","potentialAction":[{"@type":"SearchAction","target":{"@type":"EntryPoint","urlTemplate":"https:\/\/la-salle.fr\/?s={search_term_string}"},"query-input":{"@type":"PropertyValueSpecification","valueRequired":true,"valueName":"search_term_string"}}],"inLanguage":"fr-FR"}]}},"uagb_featured_image_src":{"full":false,"thumbnail":false,"medium":false,"medium_large":false,"large":false,"1536x1536":false,"2048x2048":false},"uagb_author_info":{"display_name":"lasalle","author_link":"https:\/\/la-salle.fr\/index.php\/author\/lasalle\/"},"uagb_comment_info":0,"uagb_excerpt":"C\u2019est la solution id\u00e9ale pour les personnes d\u00e9sirant augmenter leur masse musculaire et affiner leur silhouette mais qui manque de [&hellip;]","jetpack_sharing_enabled":true,"_links":{"self":[{"href":"https:\/\/la-salle.fr\/index.php\/wp-json\/wp\/v2\/pages\/1764","targetHints":{"allow":["GET"]}}],"collection":[{"href":"https:\/\/la-salle.fr\/index.php\/wp-json\/wp\/v2\/pages"}],"about":[{"href":"https:\/\/la-salle.fr\/index.php\/wp-json\/wp\/v2\/types\/page"}],"author":[{"embeddable":true,"href":"https:\/\/la-salle.fr\/index.php\/wp-json\/wp\/v2\/users\/3"}],"replies":[{"embeddable":true,"href":"https:\/\/la-salle.fr\/index.php\/wp-json\/wp\/v2\/comments?post=1764"}],"version-history":[{"count":24,"href":"https:\/\/la-salle.fr\/index.php\/wp-json\/wp\/v2\/pages\/1764\/revisions"}],"predecessor-version":[{"id":1818,"href":"https:\/\/la-salle.fr\/index.php\/wp-json\/wp\/v2\/pages\/1764\/revisions\/1818"}],"wp:attachment":[{"href":"https:\/\/la-salle.fr\/index.php\/wp-json\/wp\/v2\/media?parent=1764"}],"curies":[{"name":"wp","href":"https:\/\/api.w.org\/{rel}","templated":true}]}}