{"id":3607,"date":"2023-11-22T12:43:50","date_gmt":"2023-11-22T11:43:50","guid":{"rendered":"https:\/\/la-salle.fr\/?page_id=3607"},"modified":"2023-11-22T18:49:57","modified_gmt":"2023-11-22T17:49:57","slug":"inscription","status":"publish","type":"page","link":"https:\/\/la-salle.fr\/index.php\/inscription\/","title":{"rendered":"Inscription"},"content":{"rendered":"\n<div class=\"wp-block-uagb-container animated fadeInDown delay-200ms slower uagb-block-346e40a2 alignfull uagb-is-root-container\"><div class=\"uagb-container-inner-blocks-wrap\">\n<div class=\"wp-block-uagb-info-box uagb-block-546d9e4e uagb-infobox__content-wrap  uagb-infobox-icon-above-title uagb-infobox-image-valign-top\"><div class=\"uagb-ifb-content\"><div class=\"uagb-ifb-title-wrap\"><h1 class=\"uagb-ifb-title\">Inscription <br>La Salle Fitness<\/h1><\/div><div class=\"uagb-ifb-button-wrapper wp-block-button\"><a href=\"https:\/\/la-salle.fr\/index.php\/prix\/\" class=\"uagb-infobox-cta-link wp-block-button__link\" target=\"_self\" rel=\"noopener noreferrer\" onclick=\"return true;\" alt=\"\"><span class=\"uagb-inline-editing\">S&rsquo;inscrire<\/span><\/a><\/div><\/div><\/div>\n\n\n<\/div><\/div>\n\n\n\n<div class=\"wp-block-uagb-container uagb-block-64e0af8e alignfull uagb-is-root-container\"><div class=\"uagb-container-inner-blocks-wrap\">\n<div class=\"wp-block-uagb-container uagb-block-e86b760c\">\n<figure class=\"wp-block-image aligncenter size-large is-resized\"><img data-recalc-dims=\"1\" loading=\"lazy\" decoding=\"async\" width=\"1024\" height=\"1024\" data-attachment-id=\"3676\" data-permalink=\"https:\/\/la-salle.fr\/index.php\/inscription\/logo-la-salle-2-2\/\" data-orig-file=\"https:\/\/i0.wp.com\/la-salle.fr\/wp-content\/uploads\/2023\/11\/logo-la-salle-2.webp?fit=1436%2C1435&amp;ssl=1\" data-orig-size=\"1436,1435\" data-comments-opened=\"1\" data-image-meta=\"{&quot;aperture&quot;:&quot;0&quot;,&quot;credit&quot;:&quot;&quot;,&quot;camera&quot;:&quot;&quot;,&quot;caption&quot;:&quot;&quot;,&quot;created_timestamp&quot;:&quot;0&quot;,&quot;copyright&quot;:&quot;&quot;,&quot;focal_length&quot;:&quot;0&quot;,&quot;iso&quot;:&quot;0&quot;,&quot;shutter_speed&quot;:&quot;0&quot;,&quot;title&quot;:&quot;&quot;,&quot;orientation&quot;:&quot;0&quot;}\" data-image-title=\"logo-la-salle-2\" data-image-description=\"\" data-image-caption=\"\" data-large-file=\"https:\/\/i0.wp.com\/la-salle.fr\/wp-content\/uploads\/2023\/11\/logo-la-salle-2.webp?fit=1024%2C1024&amp;ssl=1\" src=\"https:\/\/i0.wp.com\/la-salle.fr\/wp-content\/uploads\/2023\/11\/logo-la-salle-2.webp?resize=1024%2C1024&#038;ssl=1\" alt=\"\" class=\"wp-image-3676\" style=\"width:174px;height:auto\" srcset=\"https:\/\/i0.wp.com\/la-salle.fr\/wp-content\/uploads\/2023\/11\/logo-la-salle-2.webp?resize=1024%2C1024&amp;ssl=1 1024w, https:\/\/i0.wp.com\/la-salle.fr\/wp-content\/uploads\/2023\/11\/logo-la-salle-2.webp?resize=300%2C300&amp;ssl=1 300w, https:\/\/i0.wp.com\/la-salle.fr\/wp-content\/uploads\/2023\/11\/logo-la-salle-2.webp?resize=150%2C150&amp;ssl=1 150w, https:\/\/i0.wp.com\/la-salle.fr\/wp-content\/uploads\/2023\/11\/logo-la-salle-2.webp?resize=768%2C767&amp;ssl=1 768w, https:\/\/i0.wp.com\/la-salle.fr\/wp-content\/uploads\/2023\/11\/logo-la-salle-2.webp?w=1436&amp;ssl=1 1436w\" sizes=\"auto, (max-width: 1000px) 100vw, 1000px\" \/><\/figure>\n\n\n\n<div class=\"wp-block-uagb-info-box uagb-block-68c6e07c uagb-infobox__content-wrap  uagb-infobox-icon-above-title uagb-infobox-image-valign-top\"><div class=\"uagb-ifb-content\"><div class=\"uagb-ifb-title-wrap\"><h1 class=\"uagb-ifb-title\">Comment s&rsquo;inscrire ?<\/h1><\/div><p class=\"uagb-ifb-desc\">Pour vous inscrire, appelez nous ! <br>Il vous suffit de visiter notre site internet, parcourir nos diff\u00e9rentes salles de sport et nous appeler avec le num\u00e9ro indiqu\u00e9, tout \u00e7a en appuyant sur le bouton \u00ab\u00a0s&rsquo;inscrire\u00a0\u00bb<\/p><\/div><\/div>\n\n\n\n<div class=\"wp-block-uagb-container uagb-block-d467fab0\">\n<div class=\"wp-block-uagb-container uagb-block-ec27748c\">\n<div class=\"wp-block-uagb-buttons uagb-buttons__outer-wrap uagb-btn__default-btn uagb-btn-tablet__default-btn uagb-btn-mobile__default-btn uagb-block-8ca51e38\"><div class=\"uagb-buttons__wrap uagb-buttons-layout-wrap\">\n<div class=\"wp-block-uagb-buttons-child uagb-buttons__outer-wrap uagb-block-b592098d wp-block-button\"><div class=\"uagb-button__wrapper\"><a class=\"uagb-buttons-repeater wp-block-button__link\" href=\"https:\/\/la-salle.fr\/index.php\/prix\/\" onclick=\"return true;\" rel=\"follow noopener\" target=\"_self\"><div class=\"uagb-button__link\">S&rsquo;inscrire<\/div><\/a><\/div><\/div>\n<\/div><\/div>\n<\/div>\n<\/div>\n<\/div>\n\n\n\n<div class=\"wp-block-uagb-container uagb-block-b9ed9084\">\n<div class=\"wp-block-uagb-image alignright uagb-block-9eb58949 wp-block-uagb-image--layout-default wp-block-uagb-image--effect-static wp-block-uagb-image--align-right\"><figure class=\"wp-block-uagb-image__figure\"><img data-recalc-dims=\"1\" decoding=\"async\" srcset=\"https:\/\/la-salle.fr\/wp-content\/uploads\/2023\/11\/woman-in-blue-sports-bra-and-black.jpeg ,https:\/\/la-salle.fr\/wp-content\/uploads\/2023\/11\/woman-in-blue-sports-bra-and-black.jpeg 780w, https:\/\/la-salle.fr\/wp-content\/uploads\/2023\/11\/woman-in-blue-sports-bra-and-black.jpeg 360w\" sizes=\"auto, (max-width: 480px) 150px\" src=\"https:\/\/i0.wp.com\/la-salle.fr\/wp-content\/uploads\/2023\/11\/woman-in-blue-sports-bra-and-black.jpeg?resize=1368%2C2048&#038;ssl=1\" alt=\"Woman in Blue Sports Bra and Black Leggings Doing Exercise\" class=\"uag-image-3660\" width=\"1368\" height=\"2048\" loading=\"lazy\"\/><\/figure><\/div>\n<\/div>\n<\/div><\/div>\n","protected":false},"excerpt":{"rendered":"","protected":false},"author":3,"featured_media":0,"parent":0,"menu_order":0,"comment_status":"closed","ping_status":"closed","template":"page-templates\/template-pagebuilder-blank.php","meta":{"_uag_custom_page_level_css":"","site-sidebar-layout":"default","site-content-layout":"","ast-site-content-layout":"","site-content-style":"default","site-sidebar-style":"default","ast-global-header-display":"","ast-banner-title-visibility":"","ast-main-header-display":"","ast-hfb-above-header-display":"","ast-hfb-below-header-display":"","ast-hfb-mobile-header-display":"","site-post-title":"","ast-breadcrumbs-content":"","ast-featured-img":"","footer-sml-layout":"","theme-transparent-header-meta":"","adv-header-id-meta":"","stick-header-meta":"","header-above-stick-meta":"","header-main-stick-meta":"","header-below-stick-meta":"","astra-migrate-meta-layouts":"default","ast-page-background-enabled":"default","ast-page-background-meta":{"desktop":{"background-color":"var(--ast-global-color-4)","background-image":"","background-repeat":"repeat","background-position":"center center","background-size":"auto","background-attachment":"scroll","background-type":"","background-media":"","overlay-type":"","overlay-color":"","overlay-opacity":"","overlay-gradient":""},"tablet":{"background-color":"","background-image":"","background-repeat":"repeat","background-position":"center center","background-size":"auto","background-attachment":"scroll","background-type":"","background-media":"","overlay-type":"","overlay-color":"","overlay-opacity":"","overlay-gradient":""},"mobile":{"background-color":"","background-image":"","background-repeat":"repeat","background-position":"center center","background-size":"auto","background-attachment":"scroll","background-type":"","background-media":"","overlay-type":"","overlay-color":"","overlay-opacity":"","overlay-gradient":""}},"ast-content-background-meta":{"desktop":{"background-color":"var(--ast-global-color-5)","background-image":"","background-repeat":"repeat","background-position":"center center","background-size":"auto","background-attachment":"scroll","background-type":"","background-media":"","overlay-type":"","overlay-color":"","overlay-opacity":"","overlay-gradient":""},"tablet":{"background-color":"var(--ast-global-color-5)","background-image":"","background-repeat":"repeat","background-position":"center center","background-size":"auto","background-attachment":"scroll","background-type":"","background-media":"","overlay-type":"","overlay-color":"","overlay-opacity":"","overlay-gradient":""},"mobile":{"background-color":"var(--ast-global-color-5)","background-image":"","background-repeat":"repeat","background-position":"center center","background-size":"auto","background-attachment":"scroll","background-type":"","background-media":"","overlay-type":"","overlay-color":"","overlay-opacity":"","overlay-gradient":""}},"_themeisle_gutenberg_block_has_review":false,"_kadence_starter_templates_imported_post":false,"footnotes":""},"class_list":["post-3607","page","type-page","status-publish","hentry"],"yoast_head":"<!-- This site is optimized with the Yoast SEO plugin v27.5 - https:\/\/yoast.com\/product\/yoast-seo-wordpress\/ -->\n<title>Inscription -<\/title>\n<meta name=\"robots\" content=\"index, follow, max-snippet:-1, max-image-preview:large, max-video-preview:-1\" \/>\n<link rel=\"canonical\" href=\"https:\/\/la-salle.fr\/index.php\/inscription\/\" \/>\n<meta property=\"og:locale\" content=\"fr_FR\" \/>\n<meta property=\"og:type\" content=\"article\" \/>\n<meta property=\"og:title\" content=\"Inscription -\" \/>\n<meta property=\"og:url\" content=\"https:\/\/la-salle.fr\/index.php\/inscription\/\" \/>\n<meta property=\"article:modified_time\" content=\"2023-11-22T17:49:57+00:00\" \/>\n<meta property=\"og:image\" content=\"https:\/\/la-salle.fr\/wp-content\/uploads\/2023\/11\/logo-la-salle-2-1024x1024.webp\" \/>\n<meta name=\"twitter:card\" content=\"summary_large_image\" \/>\n<meta name=\"twitter:label1\" content=\"Dur\u00e9e de lecture estim\u00e9e\" \/>\n\t<meta name=\"twitter:data1\" content=\"1 minute\" \/>\n<script type=\"application\/ld+json\" class=\"yoast-schema-graph\">{\"@context\":\"https:\\\/\\\/schema.org\",\"@graph\":[{\"@type\":\"WebPage\",\"@id\":\"https:\\\/\\\/la-salle.fr\\\/index.php\\\/inscription\\\/\",\"url\":\"https:\\\/\\\/la-salle.fr\\\/index.php\\\/inscription\\\/\",\"name\":\"Inscription -\",\"isPartOf\":{\"@id\":\"https:\\\/\\\/la-salle.fr\\\/#website\"},\"primaryImageOfPage\":{\"@id\":\"https:\\\/\\\/la-salle.fr\\\/index.php\\\/inscription\\\/#primaryimage\"},\"image\":{\"@id\":\"https:\\\/\\\/la-salle.fr\\\/index.php\\\/inscription\\\/#primaryimage\"},\"thumbnailUrl\":\"https:\\\/\\\/la-salle.fr\\\/wp-content\\\/uploads\\\/2023\\\/11\\\/logo-la-salle-2-1024x1024.webp\",\"datePublished\":\"2023-11-22T11:43:50+00:00\",\"dateModified\":\"2023-11-22T17:49:57+00:00\",\"breadcrumb\":{\"@id\":\"https:\\\/\\\/la-salle.fr\\\/index.php\\\/inscription\\\/#breadcrumb\"},\"inLanguage\":\"fr-FR\",\"potentialAction\":[{\"@type\":\"ReadAction\",\"target\":[\"https:\\\/\\\/la-salle.fr\\\/index.php\\\/inscription\\\/\"]}]},{\"@type\":\"ImageObject\",\"inLanguage\":\"fr-FR\",\"@id\":\"https:\\\/\\\/la-salle.fr\\\/index.php\\\/inscription\\\/#primaryimage\",\"url\":\"https:\\\/\\\/la-salle.fr\\\/wp-content\\\/uploads\\\/2023\\\/11\\\/logo-la-salle-2-1024x1024.webp\",\"contentUrl\":\"https:\\\/\\\/la-salle.fr\\\/wp-content\\\/uploads\\\/2023\\\/11\\\/logo-la-salle-2-1024x1024.webp\"},{\"@type\":\"BreadcrumbList\",\"@id\":\"https:\\\/\\\/la-salle.fr\\\/index.php\\\/inscription\\\/#breadcrumb\",\"itemListElement\":[{\"@type\":\"ListItem\",\"position\":1,\"name\":\"Accueil\",\"item\":\"https:\\\/\\\/la-salle.fr\\\/\"},{\"@type\":\"ListItem\",\"position\":2,\"name\":\"Inscription\"}]},{\"@type\":\"WebSite\",\"@id\":\"https:\\\/\\\/la-salle.fr\\\/#website\",\"url\":\"https:\\\/\\\/la-salle.fr\\\/\",\"name\":\"\",\"description\":\"\",\"potentialAction\":[{\"@type\":\"SearchAction\",\"target\":{\"@type\":\"EntryPoint\",\"urlTemplate\":\"https:\\\/\\\/la-salle.fr\\\/?s={search_term_string}\"},\"query-input\":{\"@type\":\"PropertyValueSpecification\",\"valueRequired\":true,\"valueName\":\"search_term_string\"}}],\"inLanguage\":\"fr-FR\"}]}<\/script>\n<!-- \/ Yoast SEO plugin. -->","yoast_head_json":{"title":"Inscription -","robots":{"index":"index","follow":"follow","max-snippet":"max-snippet:-1","max-image-preview":"max-image-preview:large","max-video-preview":"max-video-preview:-1"},"canonical":"https:\/\/la-salle.fr\/index.php\/inscription\/","og_locale":"fr_FR","og_type":"article","og_title":"Inscription -","og_url":"https:\/\/la-salle.fr\/index.php\/inscription\/","article_modified_time":"2023-11-22T17:49:57+00:00","og_image":[{"url":"https:\/\/la-salle.fr\/wp-content\/uploads\/2023\/11\/logo-la-salle-2-1024x1024.webp","type":"","width":"","height":""}],"twitter_card":"summary_large_image","twitter_misc":{"Dur\u00e9e de lecture estim\u00e9e":"1 minute"},"schema":{"@context":"https:\/\/schema.org","@graph":[{"@type":"WebPage","@id":"https:\/\/la-salle.fr\/index.php\/inscription\/","url":"https:\/\/la-salle.fr\/index.php\/inscription\/","name":"Inscription -","isPartOf":{"@id":"https:\/\/la-salle.fr\/#website"},"primaryImageOfPage":{"@id":"https:\/\/la-salle.fr\/index.php\/inscription\/#primaryimage"},"image":{"@id":"https:\/\/la-salle.fr\/index.php\/inscription\/#primaryimage"},"thumbnailUrl":"https:\/\/la-salle.fr\/wp-content\/uploads\/2023\/11\/logo-la-salle-2-1024x1024.webp","datePublished":"2023-11-22T11:43:50+00:00","dateModified":"2023-11-22T17:49:57+00:00","breadcrumb":{"@id":"https:\/\/la-salle.fr\/index.php\/inscription\/#breadcrumb"},"inLanguage":"fr-FR","potentialAction":[{"@type":"ReadAction","target":["https:\/\/la-salle.fr\/index.php\/inscription\/"]}]},{"@type":"ImageObject","inLanguage":"fr-FR","@id":"https:\/\/la-salle.fr\/index.php\/inscription\/#primaryimage","url":"https:\/\/la-salle.fr\/wp-content\/uploads\/2023\/11\/logo-la-salle-2-1024x1024.webp","contentUrl":"https:\/\/la-salle.fr\/wp-content\/uploads\/2023\/11\/logo-la-salle-2-1024x1024.webp"},{"@type":"BreadcrumbList","@id":"https:\/\/la-salle.fr\/index.php\/inscription\/#breadcrumb","itemListElement":[{"@type":"ListItem","position":1,"name":"Accueil","item":"https:\/\/la-salle.fr\/"},{"@type":"ListItem","position":2,"name":"Inscription"}]},{"@type":"WebSite","@id":"https:\/\/la-salle.fr\/#website","url":"https:\/\/la-salle.fr\/","name":"","description":"","potentialAction":[{"@type":"SearchAction","target":{"@type":"EntryPoint","urlTemplate":"https:\/\/la-salle.fr\/?s={search_term_string}"},"query-input":{"@type":"PropertyValueSpecification","valueRequired":true,"valueName":"search_term_string"}}],"inLanguage":"fr-FR"}]}},"uagb_featured_image_src":{"full":false,"thumbnail":false,"medium":false,"medium_large":false,"large":false,"1536x1536":false,"2048x2048":false},"uagb_author_info":{"display_name":"lasalle","author_link":"https:\/\/la-salle.fr\/index.php\/author\/lasalle\/"},"uagb_comment_info":0,"uagb_excerpt":null,"jetpack_sharing_enabled":true,"_links":{"self":[{"href":"https:\/\/la-salle.fr\/index.php\/wp-json\/wp\/v2\/pages\/3607","targetHints":{"allow":["GET"]}}],"collection":[{"href":"https:\/\/la-salle.fr\/index.php\/wp-json\/wp\/v2\/pages"}],"about":[{"href":"https:\/\/la-salle.fr\/index.php\/wp-json\/wp\/v2\/types\/page"}],"author":[{"embeddable":true,"href":"https:\/\/la-salle.fr\/index.php\/wp-json\/wp\/v2\/users\/3"}],"replies":[{"embeddable":true,"href":"https:\/\/la-salle.fr\/index.php\/wp-json\/wp\/v2\/comments?post=3607"}],"version-history":[{"count":21,"href":"https:\/\/la-salle.fr\/index.php\/wp-json\/wp\/v2\/pages\/3607\/revisions"}],"predecessor-version":[{"id":3687,"href":"https:\/\/la-salle.fr\/index.php\/wp-json\/wp\/v2\/pages\/3607\/revisions\/3687"}],"wp:attachment":[{"href":"https:\/\/la-salle.fr\/index.php\/wp-json\/wp\/v2\/media?parent=3607"}],"curies":[{"name":"wp","href":"https:\/\/api.w.org\/{rel}","templated":true}]}}